{"id":274,"date":"2008-10-01T14:25:10","date_gmt":"2008-10-01T19:25:10","guid":{"rendered":"http:\/\/log.cagadaga.com\/?page_id=274"},"modified":"2025-11-13T22:02:04","modified_gmt":"2025-11-14T03:02:04","slug":"cagadaga","status":"publish","type":"page","link":"https:\/\/log.cagadaga.com\/?page_id=274","title":{"rendered":"Cagadaga"},"content":{"rendered":"<p>Cuando recien comence con este blog, o mas bien con el dominio de cagadaga, hab\u00eda escrito el origen de por que cagadaga.com, pero tuve que migrarlo de hosting y se perdieron, si no me equivoco, el ultimo post que hab\u00eda escrito, as\u00ed mismo las paginas de por que cagadaga, mi curr\u00edculum y un mini how to de openvpn.<\/p>\n<p>Es tiempo de retomar lo que hab\u00eda, as\u00ed que comencemos de nuevo.<\/p>\n<p>Esto de cagadaga surge un aprox de 16 a\u00f1os, en una ma\u00f1ana de cuando estudiaba en la primaria. Este es un update, ahora puedo decir que no aprox de 16 a\u00f1os, si no ya al d\u00eda hoy <strong>13 de Noviembre del 2025,<\/strong> <strong>ya pasaron 33 a\u00f1os de que el cagadaga naciol<\/strong><\/p>\n<p>En lo personal no soy muy fanatico del futbol, y en sexto de primaria la miss nos compro un bal\u00f3n de fut y otro de basquet, y pues lo \u00fanico que me quedaba era jugar al jugar fut, y todos sab\u00edan que no era un fan de dicho deporte, pero bueno se tenia\u00a0 que aprovechar los ratos libres, en aquellos momentos de libertad \ud83d\ude1b jugando pues de repente tenia la suerte de que el bal\u00f3n cayera a mis pies y as\u00ed que mas suerte de pegarle y meter un goooooooooooooooooooooolllllll!!!!!!! jejeje \ud83d\ude42 existi\u00f3 un dia en el que de plano la suerte me sonri\u00f3 y no solo met\u00ed uno,\u00a0 met\u00ed como unos 3 goles y fue ese d\u00eda cuando el apodo de cagadaga llego a mi.<\/p>\n<p>Lo primero que grito el caboom fue se cago, cagada, cagadaga, debo admitirlo al principio no me gusto el apodo, pero como todo,\u00c2 uno se acostumbra, esto siguio durante terminaba la primaria, y pues practicamente la secundaria. Por que por que donde estudie tenia primaria y secundaria, practicamente todos pasamos a la misma secundaria. A\u00c3\u00ban en la prepa alguno me volvia a llamar cagadaga.<\/p>\n<p>Ya para esos tiempos era normal para mi, y no me sentia desagusto, como en un principio, pasron algunas variantes, cagadagas, cagadagadin, cagadaga jordan, cagadagadagas y algunas otras que tal vez no recuerdo.<\/p>\n<p>Esto es una breve rese\u00c3\u00b1a de como surge el cagadaga y como a\u00c3\u00ban lo sigo utilizando, tan es asi que es el nombre de mi dominio.<\/p>\n<p>Es algo de lo que no me deshare, no por que no quiera si no por que hasta yo lo quiero seguir usando. Ya no me dicen asi, esto solo queda para la posteridad =)<\/p>\n","protected":false},"excerpt":{"rendered":"<p>Cuando recien comence con este blog, o mas bien con el dominio de cagadaga, hab\u00eda escrito el origen de por que cagadaga.com, pero tuve que migrarlo de hosting y se perdieron, si no me equivoco, el ultimo post que hab\u00eda escrito, as\u00ed mismo las paginas de por que cagadaga, mi curr\u00edculum y un mini how<span class=\"post-excerpt-end\">&hellip;<\/span><\/p>\n<p class=\"more-link\"><a href=\"https:\/\/log.cagadaga.com\/?page_id=274\" class=\"themebutton\">Read More<\/a><\/p>\n","protected":false},"author":1,"featured_media":0,"parent":0,"menu_order":0,"comment_status":"open","ping_status":"open","template":"","meta":{"footnotes":""},"class_list":["post-274","page","type-page","status-publish","hentry"],"_links":{"self":[{"href":"https:\/\/log.cagadaga.com\/index.php?rest_route=\/wp\/v2\/pages\/274","targetHints":{"allow":["GET"]}}],"collection":[{"href":"https:\/\/log.cagadaga.com\/index.php?rest_route=\/wp\/v2\/pages"}],"about":[{"href":"https:\/\/log.cagadaga.com\/index.php?rest_route=\/wp\/v2\/types\/page"}],"author":[{"embeddable":true,"href":"https:\/\/log.cagadaga.com\/index.php?rest_route=\/wp\/v2\/users\/1"}],"replies":[{"embeddable":true,"href":"https:\/\/log.cagadaga.com\/index.php?rest_route=%2Fwp%2Fv2%2Fcomments&post=274"}],"version-history":[{"count":2,"href":"https:\/\/log.cagadaga.com\/index.php?rest_route=\/wp\/v2\/pages\/274\/revisions"}],"predecessor-version":[{"id":796,"href":"https:\/\/log.cagadaga.com\/index.php?rest_route=\/wp\/v2\/pages\/274\/revisions\/796"}],"wp:attachment":[{"href":"https:\/\/log.cagadaga.com\/index.php?rest_route=%2Fwp%2Fv2%2Fmedia&parent=274"}],"curies":[{"name":"wp","href":"https:\/\/api.w.org\/{rel}","templated":true}]}}